{"id":2889,"date":"2019-11-29T13:36:12","date_gmt":"2019-11-29T13:36:12","guid":{"rendered":"http:\/\/icofep.ue.poznan.pl\/?page_id=2889"},"modified":"2019-11-29T13:45:37","modified_gmt":"2019-11-29T13:45:37","slug":"icofep-2018","status":"publish","type":"page","link":"https:\/\/icofep.ue.poznan.pl\/index.php\/icofep-2018\/","title":{"rendered":"ICOFEP 2018"},"content":{"rendered":"\t\t<div data-elementor-type=\"wp-post\" data-elementor-id=\"2889\" class=\"elementor elementor-2889 elementor-bc-flex-widget\">\n\t\t\t\t\t\t<section class=\"elementor-section elementor-top-section elementor-element elementor-element-e11f9c3 elementor-section-boxed elementor-section-height-default elementor-section-height-default\" data-id=\"e11f9c3\" data-element_type=\"section\">\n\t\t\t\t\t\t<div class=\"elementor-container elementor-column-gap-default\">\n\t\t\t\t\t<div class=\"elementor-column elementor-col-100 elementor-top-column elementor-element elementor-element-f57d4f0\" data-id=\"f57d4f0\" data-element_type=\"column\">\n\t\t\t<div class=\"elementor-widget-wrap elementor-element-populated\">\n\t\t\t\t\t\t<div class=\"elementor-element elementor-element-02f47e2 elementor-widget elementor-widget-heading\" data-id=\"02f47e2\" data-element_type=\"widget\" data-widget_type=\"heading.default\">\n\t\t\t\t<div class=\"elementor-widget-container\">\n\t\t\t\t\t<h1 class=\"elementor-heading-title elementor-size-default\">ICOFEP 2018<\/h1>\t\t\t\t<\/div>\n\t\t\t\t<\/div>\n\t\t\t\t\t<\/div>\n\t\t<\/div>\n\t\t\t\t\t<\/div>\n\t\t<\/section>\n\t\t\t\t<section class=\"elementor-section elementor-top-section elementor-element elementor-element-50e4b8f4 elementor-section-boxed elementor-section-height-default elementor-section-height-default\" data-id=\"50e4b8f4\" data-element_type=\"section\">\n\t\t\t\t\t\t<div class=\"elementor-container elementor-column-gap-default\">\n\t\t\t\t\t<div class=\"elementor-column elementor-col-100 elementor-top-column elementor-element elementor-element-493665dc\" data-id=\"493665dc\" data-element_type=\"column\">\n\t\t\t<div class=\"elementor-widget-wrap elementor-element-populated\">\n\t\t\t\t\t\t<div class=\"elementor-element elementor-element-641f91f1 elementor-widget elementor-widget-text-editor\" data-id=\"641f91f1\" data-element_type=\"widget\" data-widget_type=\"text-editor.default\">\n\t\t\t\t<div class=\"elementor-widget-container\">\n\t\t\t\t\t\t\t\t\t\n<p>On 19-20 April 2018, the second edition of the international conference&nbsp;<strong>ICOFEP (International Conference on Finance and Economic Policy)<\/strong>&nbsp;organized by the Faculty of Economics of the PUEB took place in the walls of our university. The main topic of this edition, entitled&nbsp;<em>Limits to Economic Growth<\/em>, was broadly understood &#8211; economic, sociological, political or cultural \u2013 limits to economic growth. The conference was attended by nearly 70 participants, among others from Italy, France, Spain, Hungary, Croatia and Poland. During the conference 40 presentations were given and 6 posters were presented.<\/p>\n\n\n\n<p>The key note speakers of the conference were&nbsp;<strong>prof. Oliver Damette from Lorraine University<\/strong>, who gave the lecture&nbsp;<em>Climate change as a limit to the economic growth: the El Nino case<\/em>, and&nbsp;<strong>prof. Bogus\u0142aw Fiedor from the University of Economics in Wroclaw<\/strong>, who presented the lecture entitled&nbsp;<em>From the regulative state towards the active pro-growth state policy<\/em>. As part of this year&#8217;s ICOFEP edition, was also the seminar on financialization led by&nbsp;<strong>prof. Giuseppe Fontana from Leeds University<\/strong>, as well as workshops for students, organized by Concordia Ubezpieczenia.<\/p>\n\n\n\n<p>The Best Paper Award for the best paper presented at the conference was given to&nbsp;<strong>Akos Dombi, E\u00f6tv\u00f6s Lor\u00e1nd University<\/strong>,&nbsp;<strong>Katarzyna Szarzec and Piotr Matuszak, UEP<\/strong>, for the study entitled State-owned enterprises in Europe: New data, new results.<\/p>\n\n\n\n<p>Thank you very much for participating in this edition of ICOFEP.<\/p>\n\t\t\t\t\t\t\t\t<\/div>\n\t\t\t\t<\/div>\n\t\t\t\t\t<\/div>\n\t\t<\/div>\n\t\t\t\t\t<\/div>\n\t\t<\/section>\n\t\t\t\t<section class=\"elementor-section elementor-top-section elementor-element elementor-element-1f3ec25 elementor-section-boxed elementor-section-height-default elementor-section-height-default\" data-id=\"1f3ec25\" data-element_type=\"section\">\n\t\t\t\t\t\t<div class=\"elementor-container elementor-column-gap-default\">\n\t\t\t\t\t<div class=\"elementor-column elementor-col-100 elementor-top-column elementor-element elementor-element-abd7d7e\" data-id=\"abd7d7e\" data-element_type=\"column\">\n\t\t\t<div class=\"elementor-widget-wrap elementor-element-populated\">\n\t\t\t\t\t\t<div class=\"elementor-element elementor-element-362e530 elementor-button-info elementor-align-center elementor-widget elementor-widget-button\" data-id=\"362e530\" data-element_type=\"widget\" data-widget_type=\"button.default\">\n\t\t\t\t<div class=\"elementor-widget-container\">\n\t\t\t\t\t\t\t\t\t<div class=\"elementor-button-wrapper\">\n\t\t\t\t\t<a class=\"elementor-button elementor-button-link elementor-size-sm\" href=\"http:\/\/icofep.ue.poznan.pl\/\">\n\t\t\t\t\t\t<span class=\"elementor-button-content-wrapper\">\n\t\t\t\t\t\t\t\t\t<span class=\"elementor-button-text\">Back to main page<\/span>\n\t\t\t\t\t<\/span>\n\t\t\t\t\t<\/a>\n\t\t\t\t<\/div>\n\t\t\t\t\t\t\t\t<\/div>\n\t\t\t\t<\/div>\n\t\t\t\t\t<\/div>\n\t\t<\/div>\n\t\t\t\t\t<\/div>\n\t\t<\/section>\n\t\t\t\t<\/div>\n\t\t","protected":false},"excerpt":{"rendered":"<p>ICOFEP 2018 On 19-20 April 2018, the second edition of the international conference&nbsp;ICOFEP (International Conference on Finance and Economic Policy)&nbsp;organized by the Faculty of Economics of the PUEB took place in the walls of our university. The main topic of this edition, entitled&nbsp;Limits to Economic Growth, was broadly understood &#8211; economic, sociological, political or cultural [&hellip;]<\/p>\n","protected":false},"author":1,"featured_media":0,"parent":0,"menu_order":0,"comment_status":"closed","ping_status":"closed","template":"","meta":{"footnotes":""},"class_list":["post-2889","page","type-page","status-publish","hentry"],"_links":{"self":[{"href":"https:\/\/icofep.ue.poznan.pl\/index.php\/wp-json\/wp\/v2\/pages\/2889","targetHints":{"allow":["GET"]}}],"collection":[{"href":"https:\/\/icofep.ue.poznan.pl\/index.php\/wp-json\/wp\/v2\/pages"}],"about":[{"href":"https:\/\/icofep.ue.poznan.pl\/index.php\/wp-json\/wp\/v2\/types\/page"}],"author":[{"embeddable":true,"href":"https:\/\/icofep.ue.poznan.pl\/index.php\/wp-json\/wp\/v2\/users\/1"}],"replies":[{"embeddable":true,"href":"https:\/\/icofep.ue.poznan.pl\/index.php\/wp-json\/wp\/v2\/comments?post=2889"}],"version-history":[{"count":5,"href":"https:\/\/icofep.ue.poznan.pl\/index.php\/wp-json\/wp\/v2\/pages\/2889\/revisions"}],"predecessor-version":[{"id":2896,"href":"https:\/\/icofep.ue.poznan.pl\/index.php\/wp-json\/wp\/v2\/pages\/2889\/revisions\/2896"}],"wp:attachment":[{"href":"https:\/\/icofep.ue.poznan.pl\/index.php\/wp-json\/wp\/v2\/media?parent=2889"}],"curies":[{"name":"wp","href":"https:\/\/api.w.org\/{rel}","templated":true}]}}